{"id":245603,"date":"2024-12-11T17:56:11","date_gmt":"2024-12-11T16:56:11","guid":{"rendered":"https:\/\/highgate.sk\/sluzby\/"},"modified":"2024-12-11T17:56:11","modified_gmt":"2024-12-11T16:56:11","slug":"sluzby","status":"publish","type":"page","link":"https:\/\/highgate.sk\/en\/sluzby\/","title":{"rendered":"Slu\u017eby"},"content":{"rendered":"<h6>Group<\/h6>\n<h6>Na\u0161e hlavn\u00e9 poradensk\u00e9 oblasti, v ktor\u00fdch prep\u00e1jame pr\u00e1vo, dane a \u00fa\u010dtovn\u00edctvo<\/h6>\n<h4>Law &amp; Tax<\/h4>\n<h4>Slu\u017eby pr\u00e1vneho a da\u0148ov\u00e9ho poradenstva<\/h4>\n<h4>Accounting<\/h4>\n<h4>Slu\u017eby \u00fa\u010dtovn\u00e9ho poradenstva<\/h4>\n<h4>Crypto<\/h4>\n<h4>Slu\u017eby poradenstva v oblasti kryptoakt\u00edv<\/h4>\n","protected":false},"excerpt":{"rendered":"<p>Group Na\u0161e hlavn\u00e9 poradensk\u00e9 oblasti, v ktor\u00fdch prep\u00e1jame pr\u00e1vo, dane a \u00fa\u010dtovn\u00edctvo Law &amp; Tax Slu\u017eby pr\u00e1vneho a da\u0148ov\u00e9ho poradenstva Accounting Slu\u017eby \u00fa\u010dtovn\u00e9ho poradenstva Crypto Slu\u017eby poradenstva v oblasti kryptoakt\u00edv<\/p>\n","protected":false},"author":4,"featured_media":0,"parent":0,"menu_order":0,"comment_status":"closed","ping_status":"closed","template":"elementor_header_footer","meta":{"footnotes":""},"class_list":["post-245603","page","type-page","status-publish","hentry"],"_links":{"self":[{"href":"https:\/\/highgate.sk\/en\/wp-json\/wp\/v2\/pages\/245603","targetHints":{"allow":["GET"]}}],"collection":[{"href":"https:\/\/highgate.sk\/en\/wp-json\/wp\/v2\/pages"}],"about":[{"href":"https:\/\/highgate.sk\/en\/wp-json\/wp\/v2\/types\/page"}],"author":[{"embeddable":true,"href":"https:\/\/highgate.sk\/en\/wp-json\/wp\/v2\/users\/4"}],"replies":[{"embeddable":true,"href":"https:\/\/highgate.sk\/en\/wp-json\/wp\/v2\/comments?post=245603"}],"version-history":[{"count":0,"href":"https:\/\/highgate.sk\/en\/wp-json\/wp\/v2\/pages\/245603\/revisions"}],"wp:attachment":[{"href":"https:\/\/highgate.sk\/en\/wp-json\/wp\/v2\/media?parent=245603"}],"curies":[{"name":"wp","href":"https:\/\/api.w.org\/{rel}","templated":true}]}}