{"id":240261,"date":"2024-05-07T16:29:38","date_gmt":"2024-05-07T14:29:38","guid":{"rendered":"https:\/\/highgate.sk\/produkt\/video-from-the-conference-svarc-system-18-4-2024-cela-konferencia\/"},"modified":"2024-11-22T09:37:16","modified_gmt":"2024-11-22T08:37:16","slug":"video-from-the-conference-svarc-system-18-4-2024-cela-konferencia","status":"publish","type":"product","link":"https:\/\/highgate.sk\/en\/produkt\/video-from-the-conference-svarc-system-18-4-2024-cela-konferencia\/","title":{"rendered":"The shvarc system as &#8220;employing&#8221; freelancers &#8211; a record of our large and comprehensive conference on the shvarc system 2024"},"content":{"rendered":"<p><strong>The Schwarz system: &#8220;Employing freelancers&#8221; &#8211; where is the limit?<\/strong><\/p>\n<p><strong>Speakri:<\/strong><\/p>\n<p>Peter Varga (Highgate Group), Martin Vlachynsk\u00fd (INESS &#8211; Institute of Economic and Social Analyses), Katar\u00edna Matuln\u00edkov\u00e1 (Wolf Theiss Bratislava). Tom\u00e1\u0161 Str\u00e9my (Str\u00e9my Law Firm)<\/p>\n<p><strong>Topics:<\/strong><\/p>\n<p><strong>\u2713<\/strong> The Schwarz system as a social and economic phenomenon<\/p>\n<p><strong>\u2713<\/strong> Tax-tax comparison of different legal regimes<\/p>\n<p><strong>\u2713 <\/strong>Legal-regulatory challenges<\/p>\n<p>\u2713 <strong>S <\/strong>etting up contracts with contractors<\/p>\n<p><strong>\u2713 <\/strong>The Schwarz system and the criminal law context<\/p>\n","protected":false},"excerpt":{"rendered":"<p><strong>The Schwarz system: &#8220;Employing freelancers&#8221; &#8211; where is the limit?<\/strong><\/p>\n<p><strong>Speakri:<\/strong><\/p>\n<p>Peter Varga (Highgate Group), Martin Vlachynsk\u00fd (INESS &#8211; Institute of Economic and Social Analyses), Katar\u00edna Matuln\u00edkov\u00e1 (Wolf Theiss Bratislava). Tom\u00e1\u0161 Str\u00e9my (Str\u00e9my Law Firm)<\/p>\n<p><strong>Topics:<\/strong><\/p>\n<p><strong>\u2713<\/strong> The Schwarz system as a social and economic phenomenon<\/p>\n<p><strong>\u2713<\/strong> Tax-tax comparison of different legal regimes<\/p>\n<p><strong>\u2713 <\/strong>Legal-regulatory challenges<\/p>\n<p>\u2713 <strong>S <\/strong>etting up contracts with contractors<\/p>\n<p><strong>\u2713 <\/strong>The Schwarz system and the criminal law context<\/p>\n","protected":false},"featured_media":3989,"template":"","meta":[],"product_brand":[],"product_cat":[109],"product_tag":[180,107,163,106,110],"class_list":{"0":"post-240261","1":"product","2":"type-product","3":"status-publish","4":"has-post-thumbnail","6":"product_cat-online-training","7":"product_tag-conferences-en","8":"product_tag-levy-optimisation","9":"product_tag-tax-advice","10":"product_tag-tax-optimisation","11":"product_tag-tax-reduction","12":"tm-no-options","14":"first","15":"instock","16":"downloadable","17":"virtual","18":"purchasable","19":"product-type-simple"},"_links":{"self":[{"href":"https:\/\/highgate.sk\/en\/wp-json\/wp\/v2\/product\/240261","targetHints":{"allow":["GET"]}}],"collection":[{"href":"https:\/\/highgate.sk\/en\/wp-json\/wp\/v2\/product"}],"about":[{"href":"https:\/\/highgate.sk\/en\/wp-json\/wp\/v2\/types\/product"}],"version-history":[{"count":2,"href":"https:\/\/highgate.sk\/en\/wp-json\/wp\/v2\/product\/240261\/revisions"}],"predecessor-version":[{"id":244561,"href":"https:\/\/highgate.sk\/en\/wp-json\/wp\/v2\/product\/240261\/revisions\/244561"}],"wp:featuredmedia":[{"embeddable":true,"href":"https:\/\/highgate.sk\/en\/wp-json\/wp\/v2\/media\/3989"}],"wp:attachment":[{"href":"https:\/\/highgate.sk\/en\/wp-json\/wp\/v2\/media?parent=240261"}],"wp:term":[{"taxonomy":"product_brand","embeddable":true,"href":"https:\/\/highgate.sk\/en\/wp-json\/wp\/v2\/product_brand?post=240261"},{"taxonomy":"product_cat","embeddable":true,"href":"https:\/\/highgate.sk\/en\/wp-json\/wp\/v2\/product_cat?post=240261"},{"taxonomy":"product_tag","embeddable":true,"href":"https:\/\/highgate.sk\/en\/wp-json\/wp\/v2\/product_tag?post=240261"}],"curies":[{"name":"wp","href":"https:\/\/api.w.org\/{rel}","templated":true}]}}