{"id":240266,"date":"2023-12-21T16:58:22","date_gmt":"2023-12-21T15:58:22","guid":{"rendered":"https:\/\/highgate.sk\/produkt\/video-recording-from-the-real-estate-taxes-and-financing-conference-panel-financovanie-nehnutelnosti\/"},"modified":"2024-11-22T09:37:01","modified_gmt":"2024-11-22T08:37:01","slug":"video-recording-from-the-real-estate-taxes-and-financing-conference-panel-financovanie-nehnutelnosti","status":"publish","type":"product","link":"https:\/\/highgate.sk\/en\/produkt\/video-recording-from-the-real-estate-taxes-and-financing-conference-panel-financovanie-nehnutelnosti\/","title":{"rendered":"Real Estate Finance &#8211; a recording of a breakout session from our big conference on regulatory and tax structures in real estate 2023"},"content":{"rendered":"<p><strong>Video recording from the Real Estate &#8211; Taxes and Financing Conference. Panel: Financovanie nehnute\u013enost\u00ed<\/strong><\/p>\n<p><strong>Presented by<\/strong> Tom\u00e1\u0161 Demo (Highgate Group)<br \/>\n<strong>Panelists<\/strong> Miroslav Hil\u010d\u00edk (Wood &amp; Company), Andrej Tonkovi\u010d (Welltis), Peter Varga (Highgate Group)<\/p>\n<p><strong>\u2713 <\/strong>Types of acquisition financing;<\/p>\n<p>\u2713 <strong>S <\/strong>pecifics of the use of own financing sources;<\/p>\n<p><strong>\u2713 <\/strong>Non-cash deposits of real estate assets &#8211; legal and tax implications;<\/p>\n<p><strong>\u2713 <\/strong>Acquisition credit and company mergers &#8211; risks and opportunities;<\/p>\n<p><strong>\u2713 <\/strong>Combination of bank and other debt financing;<\/p>\n<p><strong>\u2713 <\/strong>Financing the acquisition of foreign real estate;<\/p>\n<p><strong>\u2713 <\/strong>Current topics in the real estate financing market.<\/p>\n","protected":false},"excerpt":{"rendered":"<p><strong>Video recording from the Real Estate &#8211; Taxes and Financing Conference. Panel: Financovanie nehnute\u013enost\u00ed<\/strong><\/p>\n<p><strong>Presented by<\/strong> Tom\u00e1\u0161 Demo (Highgate Group)<br \/>\n<strong>Panelists<\/strong> Miroslav Hil\u010d\u00edk (Wood &amp; Company), Andrej Tonkovi\u010d (Welltis), Peter Varga (Highgate Group)<\/p>\n<p><strong>\u2713 <\/strong>Types of acquisition financing;<\/p>\n<p>\u2713 <strong>S <\/strong>pecifics of the use of own financing sources;<\/p>\n<p><strong>\u2713 <\/strong>Non-cash deposits of real estate assets &#8211; legal and tax implications;<\/p>\n<p><strong>\u2713 <\/strong>Acquisition credit and company mergers &#8211; risks and opportunities;<\/p>\n<p><strong>\u2713 <\/strong>Combination of bank and other debt financing;<\/p>\n<p><strong>\u2713 <\/strong>Financing the acquisition of foreign real estate;<\/p>\n<p><strong>\u2713 <\/strong>Current topics in the real estate financing market.<\/p>\n","protected":false},"featured_media":4018,"template":"","meta":[],"product_brand":[],"product_cat":[109],"product_tag":[180,106],"class_list":{"0":"post-240266","1":"product","2":"type-product","3":"status-publish","4":"has-post-thumbnail","6":"product_cat-online-training","7":"product_tag-conferences-en","8":"product_tag-tax-optimisation","9":"tm-no-options","11":"first","12":"instock","13":"downloadable","14":"virtual","15":"purchasable","16":"product-type-simple"},"_links":{"self":[{"href":"https:\/\/highgate.sk\/en\/wp-json\/wp\/v2\/product\/240266","targetHints":{"allow":["GET"]}}],"collection":[{"href":"https:\/\/highgate.sk\/en\/wp-json\/wp\/v2\/product"}],"about":[{"href":"https:\/\/highgate.sk\/en\/wp-json\/wp\/v2\/types\/product"}],"version-history":[{"count":2,"href":"https:\/\/highgate.sk\/en\/wp-json\/wp\/v2\/product\/240266\/revisions"}],"predecessor-version":[{"id":244554,"href":"https:\/\/highgate.sk\/en\/wp-json\/wp\/v2\/product\/240266\/revisions\/244554"}],"wp:featuredmedia":[{"embeddable":true,"href":"https:\/\/highgate.sk\/en\/wp-json\/wp\/v2\/media\/4018"}],"wp:attachment":[{"href":"https:\/\/highgate.sk\/en\/wp-json\/wp\/v2\/media?parent=240266"}],"wp:term":[{"taxonomy":"product_brand","embeddable":true,"href":"https:\/\/highgate.sk\/en\/wp-json\/wp\/v2\/product_brand?post=240266"},{"taxonomy":"product_cat","embeddable":true,"href":"https:\/\/highgate.sk\/en\/wp-json\/wp\/v2\/product_cat?post=240266"},{"taxonomy":"product_tag","embeddable":true,"href":"https:\/\/highgate.sk\/en\/wp-json\/wp\/v2\/product_tag?post=240266"}],"curies":[{"name":"wp","href":"https:\/\/api.w.org\/{rel}","templated":true}]}}