{"id":240271,"date":"2024-05-01T16:37:53","date_gmt":"2024-05-01T14:37:53","guid":{"rendered":"https:\/\/highgate.sk\/produkt\/video-from-the-conference-svarc-system-4-cast-svarc-system-a-trestnopravne-suvislosti\/"},"modified":"2024-11-22T09:37:01","modified_gmt":"2024-11-22T08:37:01","slug":"video-from-the-conference-svarc-system-4-cast-svarc-system-a-trestnopravne-suvislosti","status":"publish","type":"product","link":"https:\/\/highgate.sk\/en\/produkt\/video-from-the-conference-svarc-system-4-cast-svarc-system-a-trestnopravne-suvislosti\/","title":{"rendered":"The Shvarc System and the Criminal Justice Context &#8211; a recording of a breakout session from our large and comprehensive conference on the Shvarc System 2024"},"content":{"rendered":"<p><strong>Video recording from the conference \u0160varc system: &#8220;Employing freelancers&#8221; &#8211; where is the limit? &#8211; 4. Part of it:<\/strong><\/p>\n<p><strong>The Schwarz system and the criminal law context<\/strong><\/p>\n<p>Peter Varga (Highgate Group), Prof. JUDr. Tom\u00e1\u0161 Str\u00e9my, PhD.<\/p>\n<p><strong>\u2713<\/strong><strong> <\/strong>Discussion with Prof. JUDr. Tom\u00e1\u0161 Str\u00e9my, PhD.<\/p>\n","protected":false},"excerpt":{"rendered":"<p><strong>Video recording from the conference \u0160varc system: &#8220;Employing freelancers&#8221; &#8211; where is the limit? &#8211; 4. Part of it:<\/strong><\/p>\n<p><strong>The Schwarz system and the criminal law context<\/strong><\/p>\n<p>Peter Varga (Highgate Group), Prof. JUDr. Tom\u00e1\u0161 Str\u00e9my, PhD.<\/p>\n<p><strong>\u2713<\/strong><strong> <\/strong>Discussion with Prof. JUDr. Tom\u00e1\u0161 Str\u00e9my, PhD.<\/p>\n","protected":false},"featured_media":3998,"template":"","meta":[],"product_brand":[],"product_cat":[109],"product_tag":[180,107,163,106,110],"class_list":{"0":"post-240271","1":"product","2":"type-product","3":"status-publish","4":"has-post-thumbnail","6":"product_cat-online-training","7":"product_tag-conferences-en","8":"product_tag-levy-optimisation","9":"product_tag-tax-advice","10":"product_tag-tax-optimisation","11":"product_tag-tax-reduction","12":"tm-no-options","14":"first","15":"instock","16":"downloadable","17":"virtual","18":"purchasable","19":"product-type-simple"},"_links":{"self":[{"href":"https:\/\/highgate.sk\/en\/wp-json\/wp\/v2\/product\/240271","targetHints":{"allow":["GET"]}}],"collection":[{"href":"https:\/\/highgate.sk\/en\/wp-json\/wp\/v2\/product"}],"about":[{"href":"https:\/\/highgate.sk\/en\/wp-json\/wp\/v2\/types\/product"}],"version-history":[{"count":2,"href":"https:\/\/highgate.sk\/en\/wp-json\/wp\/v2\/product\/240271\/revisions"}],"predecessor-version":[{"id":244553,"href":"https:\/\/highgate.sk\/en\/wp-json\/wp\/v2\/product\/240271\/revisions\/244553"}],"wp:featuredmedia":[{"embeddable":true,"href":"https:\/\/highgate.sk\/en\/wp-json\/wp\/v2\/media\/3998"}],"wp:attachment":[{"href":"https:\/\/highgate.sk\/en\/wp-json\/wp\/v2\/media?parent=240271"}],"wp:term":[{"taxonomy":"product_brand","embeddable":true,"href":"https:\/\/highgate.sk\/en\/wp-json\/wp\/v2\/product_brand?post=240271"},{"taxonomy":"product_cat","embeddable":true,"href":"https:\/\/highgate.sk\/en\/wp-json\/wp\/v2\/product_cat?post=240271"},{"taxonomy":"product_tag","embeddable":true,"href":"https:\/\/highgate.sk\/en\/wp-json\/wp\/v2\/product_tag?post=240271"}],"curies":[{"name":"wp","href":"https:\/\/api.w.org\/{rel}","templated":true}]}}