{"id":240273,"date":"2023-12-21T17:02:47","date_gmt":"2023-12-21T16:02:47","guid":{"rendered":"https:\/\/highgate.sk\/produkt\/video-recording-from-the-real-estate-taxes-and-financing-conference-panel-zakladanie-fondov-v-zahranici-zdanovanie-regulacia-a-distribucia-na-slovensku\/"},"modified":"2024-11-22T09:37:07","modified_gmt":"2024-11-22T08:37:07","slug":"video-recording-from-the-real-estate-taxes-and-financing-conference-panel-zakladanie-fondov-v-zahranici-zdanovanie-regulacia-a-distribucia-na-slovensku","status":"publish","type":"product","link":"https:\/\/highgate.sk\/en\/produkt\/video-recording-from-the-real-estate-taxes-and-financing-conference-panel-zakladanie-fondov-v-zahranici-zdanovanie-regulacia-a-distribucia-na-slovensku\/","title":{"rendered":"Setting up funds abroad, taxation, regulation and distribution to Slovakia &#8211; a recording from the session of our big conference on regulatory and tax structures in real estate 2023"},"content":{"rendered":"<p><strong>Video recording from the Real Estate &#8211; Taxes and Financing Conference. Panel: Zakladanie fondov v zahrani\u010d\u00ed, zda\u0148ovanie, regul\u00e1cia a distrib\u00facia na Slovensku<\/strong><\/p>\n<div>\n<p><strong>Presenters:<\/strong> Peter Varga (Highgate Group)<br \/>\n<strong>Panelists:<\/strong> Peter Gran\u010di\u010d (HB Reavis Real Estate Investment Management), Roman Baranec (Highgate Group)<\/p>\n<p><strong>\u2713 <\/strong>What jurisdictions are commonly used;<\/p>\n<\/div>\n<p><strong>\u2713 <\/strong>Regulatory and cost requirements;<\/p>\n<p><strong>\u2713 <\/strong>Practical illustrations of possible structures on real estate funds;<\/p>\n<p><strong>\u2713 <\/strong>Taxation of foreign funds abroad;<\/p>\n<p><strong>\u2713 <\/strong>Taxation of Slovak investors in a foreign fund;<\/p>\n<p><strong>\u2713 <\/strong>Passporting and experience with the NBS in foreign funds proceedings in Slovakia;<\/p>\n<p><strong>\u2713 <\/strong>Distribution to qualified investors and retail in general in Slovakia &#8211; documentation obligations;<\/p>\n<p><strong>\u2713 <\/strong>Taking advantage of tax benefits through a foreign fund &#8211; regulatory and administrative requirements.<\/p>\n","protected":false},"excerpt":{"rendered":"<p><strong>Video recording from the Real Estate &#8211; Taxes and Financing Conference. Panel: Zakladanie fondov v zahrani\u010d\u00ed, zda\u0148ovanie, regul\u00e1cia a distrib\u00facia na Slovensku<\/strong><\/p>\n<p><strong>Presented by<\/strong> Peter Varga (Highgate Group)<br \/>\n<strong>Panelists<\/strong> Peter Gran\u010di\u010d (HB Reavis Real Estate Investment Management), Roman Baranec (Highgate Group)<\/p>\n<p><strong>\u2713 <\/strong>What jurisdictions are used by default;<\/p>\n<p><strong>\u2713 <\/strong>Regulatory and cost requirements;<\/p>\n<p><strong>\u2713 <\/strong>Practical illustrations of possible structures on real estate funds;<\/p>\n<p><strong>\u2713 <\/strong>Taxation of foreign funds abroad;<\/p>\n<p><strong>\u2713 <\/strong>Taxation of Slovak investors in a foreign fund;<\/p>\n<p><strong>\u2713 <\/strong>Passporting and experience with the NBS in foreign funds proceedings in Slovakia;<\/p>\n<p><strong>\u2713 <\/strong>Distribution to qualified investors and retail in general in Slovakia &#8211; documentation obligations;<\/p>\n<p><strong>\u2713 <\/strong>Taking advantage of tax benefits through a foreign fund &#8211; regulatory and administrative requirements.<\/p>\n","protected":false},"featured_media":4025,"template":"","meta":[],"product_brand":[],"product_cat":[109],"product_tag":[171,180,106],"class_list":{"0":"post-240273","1":"product","2":"type-product","3":"status-publish","4":"has-post-thumbnail","6":"product_cat-online-training","7":"product_tag-collective-investment","8":"product_tag-conferences-en","9":"product_tag-tax-optimisation","10":"tm-no-options","12":"first","13":"instock","14":"downloadable","15":"virtual","16":"purchasable","17":"product-type-simple"},"_links":{"self":[{"href":"https:\/\/highgate.sk\/en\/wp-json\/wp\/v2\/product\/240273","targetHints":{"allow":["GET"]}}],"collection":[{"href":"https:\/\/highgate.sk\/en\/wp-json\/wp\/v2\/product"}],"about":[{"href":"https:\/\/highgate.sk\/en\/wp-json\/wp\/v2\/types\/product"}],"version-history":[{"count":2,"href":"https:\/\/highgate.sk\/en\/wp-json\/wp\/v2\/product\/240273\/revisions"}],"predecessor-version":[{"id":244556,"href":"https:\/\/highgate.sk\/en\/wp-json\/wp\/v2\/product\/240273\/revisions\/244556"}],"wp:featuredmedia":[{"embeddable":true,"href":"https:\/\/highgate.sk\/en\/wp-json\/wp\/v2\/media\/4025"}],"wp:attachment":[{"href":"https:\/\/highgate.sk\/en\/wp-json\/wp\/v2\/media?parent=240273"}],"wp:term":[{"taxonomy":"product_brand","embeddable":true,"href":"https:\/\/highgate.sk\/en\/wp-json\/wp\/v2\/product_brand?post=240273"},{"taxonomy":"product_cat","embeddable":true,"href":"https:\/\/highgate.sk\/en\/wp-json\/wp\/v2\/product_cat?post=240273"},{"taxonomy":"product_tag","embeddable":true,"href":"https:\/\/highgate.sk\/en\/wp-json\/wp\/v2\/product_tag?post=240273"}],"curies":[{"name":"wp","href":"https:\/\/api.w.org\/{rel}","templated":true}]}}