{"id":240284,"date":"2024-05-01T16:42:52","date_gmt":"2024-05-01T14:42:52","guid":{"rendered":"https:\/\/highgate.sk\/produkt\/video-from-the-conference-svarc-system-3-cast-nastavovanie-zmluv-s-kontraktormi\/"},"modified":"2024-11-22T09:37:07","modified_gmt":"2024-11-22T08:37:07","slug":"video-from-the-conference-svarc-system-3-cast-nastavovanie-zmluv-s-kontraktormi","status":"publish","type":"product","link":"https:\/\/highgate.sk\/en\/produkt\/video-from-the-conference-svarc-system-3-cast-nastavovanie-zmluv-s-kontraktormi\/","title":{"rendered":"The Shvarc system and the employment context &#8211; a recording of a breakout session of our large and comprehensive conference on the Shvarc system 2024"},"content":{"rendered":"<p><strong>Video recording from the conference \u0160varc system: &#8220;Employing freelancers&#8221; &#8211; where is the limit? &#8211; 3. Part of it:<\/strong><\/p>\n<p><strong>Setting up contracts with contractors<\/strong><\/p>\n<p><u>Speakers<\/u> Peter Varga (Highgate Group), Katar\u00edna Matuln\u00edkov\u00e1 (Wolf Theiss Bratislava)<\/p>\n<p><strong>\u2713<\/strong><strong> <\/strong>The Labour Code and its provisions do not reflect current economic realities;<\/p>\n<p><strong>\u2713<\/strong><strong> <\/strong>The potential of the rigidity of the Labour Code for the proper setting up of a contract with a contractor;<\/p>\n<p><strong>\u2713<\/strong><strong> <\/strong>Which contract provisions are problematic?<\/p>\n<p><strong>\u2713<\/strong><strong> <\/strong>How to set rights and obligations in contracts to reduce regulatory risks?<\/p>\n<p><strong>\u2713<\/strong><strong> <\/strong>Various case studies.<\/p>\n","protected":false},"excerpt":{"rendered":"<p><strong>Video recording from the conference \u0160varc system: &#8220;Employing freelancers&#8221; &#8211; where is the limit? &#8211; 3. Part of it:<\/strong><\/p>\n<p><strong>Setting up contracts with contractors<\/strong><\/p>\n<p><u>Speakers<\/u> Peter Varga (Highgate Group), Katar\u00edna Matuln\u00edkov\u00e1 (Wolf Theiss Bratislava)<\/p>\n<p><strong>\u2713<\/strong><strong> <\/strong>The Labour Code and its provisions do not reflect current economic realities;<\/p>\n<p><strong>\u2713<\/strong><strong> <\/strong>The potential of the rigidity of the Labour Code for the proper setting up of a contract with a contractor;<\/p>\n<p><strong>\u2713<\/strong><strong> <\/strong>Which contract provisions are problematic?<\/p>\n<p><strong>\u2713<\/strong><strong> <\/strong>How to set rights and obligations in contracts to reduce regulatory risks?<\/p>\n<p><strong>\u2713<\/strong><strong> <\/strong>Various case studies.<\/p>\n","protected":false},"featured_media":4001,"template":"","meta":[],"product_brand":[],"product_cat":[109],"product_tag":[180,107,163,106,110],"class_list":{"0":"post-240284","1":"product","2":"type-product","3":"status-publish","4":"has-post-thumbnail","6":"product_cat-online-training","7":"product_tag-conferences-en","8":"product_tag-levy-optimisation","9":"product_tag-tax-advice","10":"product_tag-tax-optimisation","11":"product_tag-tax-reduction","12":"tm-no-options","14":"first","15":"instock","16":"downloadable","17":"virtual","18":"purchasable","19":"product-type-simple"},"_links":{"self":[{"href":"https:\/\/highgate.sk\/en\/wp-json\/wp\/v2\/product\/240284","targetHints":{"allow":["GET"]}}],"collection":[{"href":"https:\/\/highgate.sk\/en\/wp-json\/wp\/v2\/product"}],"about":[{"href":"https:\/\/highgate.sk\/en\/wp-json\/wp\/v2\/types\/product"}],"version-history":[{"count":2,"href":"https:\/\/highgate.sk\/en\/wp-json\/wp\/v2\/product\/240284\/revisions"}],"predecessor-version":[{"id":244555,"href":"https:\/\/highgate.sk\/en\/wp-json\/wp\/v2\/product\/240284\/revisions\/244555"}],"wp:featuredmedia":[{"embeddable":true,"href":"https:\/\/highgate.sk\/en\/wp-json\/wp\/v2\/media\/4001"}],"wp:attachment":[{"href":"https:\/\/highgate.sk\/en\/wp-json\/wp\/v2\/media?parent=240284"}],"wp:term":[{"taxonomy":"product_brand","embeddable":true,"href":"https:\/\/highgate.sk\/en\/wp-json\/wp\/v2\/product_brand?post=240284"},{"taxonomy":"product_cat","embeddable":true,"href":"https:\/\/highgate.sk\/en\/wp-json\/wp\/v2\/product_cat?post=240284"},{"taxonomy":"product_tag","embeddable":true,"href":"https:\/\/highgate.sk\/en\/wp-json\/wp\/v2\/product_tag?post=240284"}],"curies":[{"name":"wp","href":"https:\/\/api.w.org\/{rel}","templated":true}]}}