{"id":240287,"date":"2023-12-21T17:12:04","date_gmt":"2023-12-21T16:12:04","guid":{"rendered":"https:\/\/highgate.sk\/produkt\/video-recording-from-the-real-estate-taxes-and-financing-conference-panel-vacsie-investicne-fondy-na-nehnutelnosti\/"},"modified":"2024-11-22T09:37:13","modified_gmt":"2024-11-22T08:37:13","slug":"video-recording-from-the-real-estate-taxes-and-financing-conference-panel-vacsie-investicne-fondy-na-nehnutelnosti","status":"publish","type":"product","link":"https:\/\/highgate.sk\/en\/produkt\/video-recording-from-the-real-estate-taxes-and-financing-conference-panel-vacsie-investicne-fondy-na-nehnutelnosti\/","title":{"rendered":"Larger Real Estate Investment Trusts &#8211; a recording of a breakout session from our big conference on regulatory and tax structures for real estate 2023"},"content":{"rendered":"<p><strong>Video recording from the Real Estate &#8211; Taxes and Financing Conference. Panel: V\u00e4\u010d\u0161ie investi\u010dn\u00e9 fondy na nehnute\u013enosti<\/strong><\/p>\n<p><strong>Presented by <\/strong>Peter Varga (Highgate Group)<br \/>\n<strong>Panelists <\/strong>Pavol Hajdu (365.invest), Martin Kedro (Tatra Asset Management), Roman Baranec, Tom\u00e1\u0161 Demo (Highgate Group)<\/p>\n<p><strong>\u2713 <\/strong>The boundary between a small fund and larger funds. Types of investment funds under Slovak law and which are used in practice in Slovakia;<\/p>\n<p><strong>\u2713 <\/strong>Funds set up under EU regulations (e.g. EuVECA);<\/p>\n<p><strong>\u2713 <\/strong>The establishment and operation of such funds;<\/p>\n<p><strong>\u2713 <\/strong>Assets eligible for investment &#8211; real estate \/ real estate companies;<\/p>\n<p><strong>\u2713 <\/strong>Risk limitation and risk spreading rules;<\/p>\n<p><strong>\u2713 <\/strong>Investment strategies<em>(Residential real estate, Commercial real estate, Industrial real estate, Multi-strategy real estate fund, Other real estate strategy<\/em>);<\/p>\n<p><strong>\u2713 <\/strong>Taxation of different types of funds and income from funds.<\/p>\n","protected":false},"excerpt":{"rendered":"<p><strong>Video recording from the Real Estate &#8211; Taxes and Financing Conference. Panel: V\u00e4\u010d\u0161ie investi\u010dn\u00e9 fondy na nehnute\u013enosti<\/strong><\/p>\n<p><strong>Presented by<\/strong> Peter Varga (Highgate Group)<br \/>\n<strong>Panelists<\/strong> Pavol Hajdu (365.invest), Martin Kedro (Tatra Asset Management), Roman Baranec, Tom\u00e1\u0161 Demo (Highgate Group)<\/p>\n<p><strong>\u2713 <\/strong>The boundary between a small fund and larger funds. Types of investment funds under Slovak law and which are used in practice in Slovakia;<\/p>\n<p><strong>\u2713 <\/strong>Funds set up under EU regulations (e.g. EuVECA);<\/p>\n<p><strong>\u2713 <\/strong>The establishment and operation of such funds;<\/p>\n<p><strong>\u2713 <\/strong>Assets eligible for investment &#8211; real estate \/ real estate companies;<\/p>\n<p><strong>\u2713 <\/strong>Risk limitation and risk spreading rules;<\/p>\n<p><strong>\u2713 <\/strong>Investment strategies<em>(Residential real estate, Commercial real estate, Industrial real estate, Multi-strategy real estate fund, Other real estate strategy<\/em>);<\/p>\n<p><strong>\u2713 <\/strong>Taxation of different types of funds and income from funds.<\/p>\n","protected":false},"featured_media":4031,"template":"","meta":[],"product_brand":[],"product_cat":[109],"product_tag":[171,180,106],"class_list":{"0":"post-240287","1":"product","2":"type-product","3":"status-publish","4":"has-post-thumbnail","6":"product_cat-online-training","7":"product_tag-collective-investment","8":"product_tag-conferences-en","9":"product_tag-tax-optimisation","10":"tm-no-options","12":"first","13":"instock","14":"downloadable","15":"virtual","16":"purchasable","17":"product-type-simple"},"_links":{"self":[{"href":"https:\/\/highgate.sk\/en\/wp-json\/wp\/v2\/product\/240287","targetHints":{"allow":["GET"]}}],"collection":[{"href":"https:\/\/highgate.sk\/en\/wp-json\/wp\/v2\/product"}],"about":[{"href":"https:\/\/highgate.sk\/en\/wp-json\/wp\/v2\/types\/product"}],"version-history":[{"count":2,"href":"https:\/\/highgate.sk\/en\/wp-json\/wp\/v2\/product\/240287\/revisions"}],"predecessor-version":[{"id":244558,"href":"https:\/\/highgate.sk\/en\/wp-json\/wp\/v2\/product\/240287\/revisions\/244558"}],"wp:featuredmedia":[{"embeddable":true,"href":"https:\/\/highgate.sk\/en\/wp-json\/wp\/v2\/media\/4031"}],"wp:attachment":[{"href":"https:\/\/highgate.sk\/en\/wp-json\/wp\/v2\/media?parent=240287"}],"wp:term":[{"taxonomy":"product_brand","embeddable":true,"href":"https:\/\/highgate.sk\/en\/wp-json\/wp\/v2\/product_brand?post=240287"},{"taxonomy":"product_cat","embeddable":true,"href":"https:\/\/highgate.sk\/en\/wp-json\/wp\/v2\/product_cat?post=240287"},{"taxonomy":"product_tag","embeddable":true,"href":"https:\/\/highgate.sk\/en\/wp-json\/wp\/v2\/product_tag?post=240287"}],"curies":[{"name":"wp","href":"https:\/\/api.w.org\/{rel}","templated":true}]}}