{"id":240299,"date":"2023-12-21T17:13:12","date_gmt":"2023-12-21T16:13:12","guid":{"rendered":"https:\/\/highgate.sk\/produkt\/video-recording-from-the-real-estate-taxes-and-financing-conference-panel-alternativne-formy-ziskavania-kapitalu-od-investorov-a-investovanie-do-zahranicnych-nehnutelnosti\/"},"modified":"2024-11-22T09:37:15","modified_gmt":"2024-11-22T08:37:15","slug":"video-recording-from-the-real-estate-taxes-and-financing-conference-panel-alternativne-formy-ziskavania-kapitalu-od-investorov-a-investovanie-do-zahranicnych-nehnutelnosti","status":"publish","type":"product","link":"https:\/\/highgate.sk\/en\/produkt\/video-recording-from-the-real-estate-taxes-and-financing-conference-panel-alternativne-formy-ziskavania-kapitalu-od-investorov-a-investovanie-do-zahranicnych-nehnutelnosti\/","title":{"rendered":"Alternative Forms of Raising Capital from Investors and Investing in Foreign Real Estate &#8211; A Recording of a Breakout Session from our Big Conference on Regulatory and Tax Structures in Real Estate 2023"},"content":{"rendered":"<p><strong>Video recording from the Real Estate &#8211; Taxes and Financing Conference. Panel: Alternat\u00edvne formy z\u00edskavania kapit\u00e1lu od investorov a investovanie do zahrani\u010dn\u00fdch nehnute\u013enost\u00ed<\/strong><\/p>\n<p><strong>Presented by<\/strong> Peter Varga (Highgate Group)<br \/>\n<strong>Panelists<\/strong> Michal Kiska (Zinc Euro), Roman Baranec (Highgate Group)<\/p>\n<p>\u2713 <strong>O <\/strong>utside of fund structures, what forms of raising capital from investors exist? And how do investors react to them?<\/p>\n<p><strong>\u2713 <\/strong>What is crowdfunding, what are the possibilities and what is the regulation?<\/p>\n<p>\u2713 <strong>O <\/strong>ther forms of capital raising used and examples of structures used in practice (e.g.: bond issues, loan structures);<\/p>\n<p><strong>\u2713 <\/strong>Investing in foreign real estate by Slovak investors &#8211; what are the trends and what is the view of the banks?<\/p>\n<p><strong>\u2713 <\/strong>Legal and tax pitfalls of investing in foreign real estate.<\/p>\n","protected":false},"excerpt":{"rendered":"<p><strong>Video recording from the Real Estate &#8211; Taxes and Financing Conference. Panel: Alternat\u00edvne formy z\u00edskavania kapit\u00e1lu od investorov a investovanie do zahrani\u010dn\u00fdch nehnute\u013enost\u00ed<\/strong><\/p>\n<p><strong>Presented by<\/strong> Peter Varga (Highgate Group)<br \/>\n<strong>Panelists<\/strong> Michal Kiska (Zinc Euro), Roman Baranec (Highgate Group)<\/p>\n<p>\u2713 <strong>O <\/strong>utside of fund structures, what forms of raising capital from investors exist? And how do investors react to them?<\/p>\n<p><strong>\u2713 <\/strong>What is crowdfunding, what are the possibilities and what is the regulation?<\/p>\n<p>\u2713 <strong>O <\/strong>ther forms of capital raising used and examples of structures used in practice (e.g.: bond issues, loan structures);<\/p>\n<p><strong>\u2713 <\/strong>Investing in foreign real estate by Slovak investors &#8211; what are the trends and what is the view of the banks?<\/p>\n<p><strong>\u2713 <\/strong>Legal and tax pitfalls of investing in foreign real estate.<\/p>\n","protected":false},"featured_media":4036,"template":"","meta":[],"product_brand":[],"product_cat":[109],"product_tag":[171,180,106],"class_list":{"0":"post-240299","1":"product","2":"type-product","3":"status-publish","4":"has-post-thumbnail","6":"product_cat-online-training","7":"product_tag-collective-investment","8":"product_tag-conferences-en","9":"product_tag-tax-optimisation","10":"tm-no-options","12":"first","13":"instock","14":"downloadable","15":"virtual","16":"purchasable","17":"product-type-simple"},"_links":{"self":[{"href":"https:\/\/highgate.sk\/en\/wp-json\/wp\/v2\/product\/240299","targetHints":{"allow":["GET"]}}],"collection":[{"href":"https:\/\/highgate.sk\/en\/wp-json\/wp\/v2\/product"}],"about":[{"href":"https:\/\/highgate.sk\/en\/wp-json\/wp\/v2\/types\/product"}],"version-history":[{"count":2,"href":"https:\/\/highgate.sk\/en\/wp-json\/wp\/v2\/product\/240299\/revisions"}],"predecessor-version":[{"id":244560,"href":"https:\/\/highgate.sk\/en\/wp-json\/wp\/v2\/product\/240299\/revisions\/244560"}],"wp:featuredmedia":[{"embeddable":true,"href":"https:\/\/highgate.sk\/en\/wp-json\/wp\/v2\/media\/4036"}],"wp:attachment":[{"href":"https:\/\/highgate.sk\/en\/wp-json\/wp\/v2\/media?parent=240299"}],"wp:term":[{"taxonomy":"product_brand","embeddable":true,"href":"https:\/\/highgate.sk\/en\/wp-json\/wp\/v2\/product_brand?post=240299"},{"taxonomy":"product_cat","embeddable":true,"href":"https:\/\/highgate.sk\/en\/wp-json\/wp\/v2\/product_cat?post=240299"},{"taxonomy":"product_tag","embeddable":true,"href":"https:\/\/highgate.sk\/en\/wp-json\/wp\/v2\/product_tag?post=240299"}],"curies":[{"name":"wp","href":"https:\/\/api.w.org\/{rel}","templated":true}]}}