{"id":240304,"date":"2024-05-01T16:54:41","date_gmt":"2024-05-01T14:54:41","guid":{"rendered":"https:\/\/highgate.sk\/produkt\/video-from-the-conference-svarc-system-1-cast-svarc-system-ako-spolocensky-a-ekonomicky-fenomen-danovo-odvodove-porovnanie-roznych-pravnych-rezimov\/"},"modified":"2024-11-22T09:37:14","modified_gmt":"2024-11-22T08:37:14","slug":"video-from-the-conference-svarc-system-1-cast-svarc-system-ako-spolocensky-a-ekonomicky-fenomen-danovo-odvodove-porovnanie-roznych-pravnych-rezimov","status":"publish","type":"product","link":"https:\/\/highgate.sk\/en\/produkt\/video-from-the-conference-svarc-system-1-cast-svarc-system-ako-spolocensky-a-ekonomicky-fenomen-danovo-odvodove-porovnanie-roznych-pravnych-rezimov\/","title":{"rendered":"The Shvarc system as a phenomenon and the tax-tax context &#8211; a recording of the session of our large and comprehensive conference on the shvarc system 2024"},"content":{"rendered":"<p><strong>Video recording from the conference \u0160varc system: &#8220;Employing freelancers&#8221; &#8211; where is the limit? &#8211; 1. Part of it:<\/strong><\/p>\n<p><strong>Opening of the Conference &#8211; The Schwarz System as a Social and Economic Phenomenon<\/strong><\/p>\n<div>\n<p><u>Speakers<\/u> Peter Varga (Highgate Group), Martin Vlachynsk\u00fd (INESS &#8211; Institute of Economic and Social Analyses)<\/p>\n<p><strong>Tax-tax comparison of different legal regimes<\/strong><\/p>\n<p><u>Speakers<\/u> Peter Varga (Highgate Group), Martin Vlachynsk\u00fd (INESS &#8211; Institute of Economic and Social Analyses)<\/p>\n<p><strong>\u2713<\/strong><strong> <\/strong>Trade vs. employment vs. SRO;<\/p>\n<p><strong>\u2713<\/strong><strong> <\/strong>Taxes and levies on various copyright contracts;<\/p>\n<p><strong>\u2713<\/strong><strong> <\/strong>Different forms of employment relationships and tax and tax implications;<\/p>\n<p><strong>\u2713<\/strong><strong> <\/strong>Impacts on pensions;<\/p>\n<p><strong>\u2713<\/strong><strong> <\/strong>Implications for maternity and various creative setup options;<\/p>\n<p><strong>\u2713<\/strong><strong> <\/strong>Impacts on other benefits (e.g. unemployment benefit, sick leave,&#8230;);<\/p>\n<p><strong>\u2713<\/strong><strong> <\/strong>Various case studies.<\/p>\n<\/div>\n","protected":false},"excerpt":{"rendered":"<p><strong>Video recording from the conference \u0160varc system: &#8220;Employing freelancers&#8221; &#8211; where is the limit? &#8211; 1. \u010das\u0165<\/strong><\/p>\n","protected":false},"featured_media":4012,"template":"","meta":[],"product_brand":[],"product_cat":[109],"product_tag":[180,107,163,106,110],"class_list":{"0":"post-240304","1":"product","2":"type-product","3":"status-publish","4":"has-post-thumbnail","6":"product_cat-online-training","7":"product_tag-conferences-en","8":"product_tag-levy-optimisation","9":"product_tag-tax-advice","10":"product_tag-tax-optimisation","11":"product_tag-tax-reduction","12":"tm-no-options","14":"first","15":"instock","16":"downloadable","17":"virtual","18":"purchasable","19":"product-type-simple"},"_links":{"self":[{"href":"https:\/\/highgate.sk\/en\/wp-json\/wp\/v2\/product\/240304","targetHints":{"allow":["GET"]}}],"collection":[{"href":"https:\/\/highgate.sk\/en\/wp-json\/wp\/v2\/product"}],"about":[{"href":"https:\/\/highgate.sk\/en\/wp-json\/wp\/v2\/types\/product"}],"version-history":[{"count":2,"href":"https:\/\/highgate.sk\/en\/wp-json\/wp\/v2\/product\/240304\/revisions"}],"predecessor-version":[{"id":244559,"href":"https:\/\/highgate.sk\/en\/wp-json\/wp\/v2\/product\/240304\/revisions\/244559"}],"wp:featuredmedia":[{"embeddable":true,"href":"https:\/\/highgate.sk\/en\/wp-json\/wp\/v2\/media\/4012"}],"wp:attachment":[{"href":"https:\/\/highgate.sk\/en\/wp-json\/wp\/v2\/media?parent=240304"}],"wp:term":[{"taxonomy":"product_brand","embeddable":true,"href":"https:\/\/highgate.sk\/en\/wp-json\/wp\/v2\/product_brand?post=240304"},{"taxonomy":"product_cat","embeddable":true,"href":"https:\/\/highgate.sk\/en\/wp-json\/wp\/v2\/product_cat?post=240304"},{"taxonomy":"product_tag","embeddable":true,"href":"https:\/\/highgate.sk\/en\/wp-json\/wp\/v2\/product_tag?post=240304"}],"curies":[{"name":"wp","href":"https:\/\/api.w.org\/{rel}","templated":true}]}}