{"id":244289,"date":"2024-11-19T11:09:50","date_gmt":"2024-11-19T10:09:50","guid":{"rendered":"https:\/\/highgate.sk\/produkt\/video-conference-on-the-crypt-the-whole-conference\/"},"modified":"2025-04-04T13:46:47","modified_gmt":"2025-04-04T11:46:47","slug":"video-conference-on-the-crypt-the-whole-conference","status":"publish","type":"product","link":"https:\/\/highgate.sk\/en\/produkt\/video-conference-on-the-crypt-the-whole-conference\/","title":{"rendered":"Video | Conference on the Crypt: the whole conference"},"content":{"rendered":"<p><strong>Video of our unique crypt conference on October 24, 2024:<br \/>\n\/ <\/strong>  How to tax crypto in Slovakia and abroad<strong><br \/>\n\/ Regulation of crypto in investment platforms<\/strong> <\/p>\n<p><strong>Full conference | 8:00 &#8211; 17:50<\/strong><\/p>\n<p><strong><u>Topics:<\/u><\/strong><\/p>\n<p><strong>\u2713<\/strong><strong> <\/strong>Doing business and investing in the crypt &#8211; legal, tax, accounting and regulatory infrastructure<br \/>\n<u>Speaker:<\/u> Peter Varga (Highgate Group), Roman Baranec (Highgate Group)<\/p>\n<p><strong>\u2713<\/strong><strong> <\/strong>Current challenges in the crypto environment &#8211; Keynote speech<br \/>\n<u>Speaker:<\/u> Suleman Kazim (Millionero)<\/p>\n<p><strong>\u2713<\/strong><strong> <\/strong>Key aspects of the NBS licensing process<br \/>\n<u>Speaker:<\/u> Peter P\u00e9nze\u0161 (NBS)<\/p>\n<p><strong>\u2713<\/strong><strong> <\/strong>How is the market preparing for MiCA?<br \/>\n<u>Speaker:<\/u> Juraj Forg\u00e1cs (Fumbi) , Radim Kozub (Blockchain Legal), Peter Varga (Highgate Group)<\/p>\n<p><strong>\u2713<\/strong><strong> <\/strong>Crypto and challenges for companies in the financial sector &#8211; panel discussion<br \/>\n<u>Speakers:<\/u> Peter Varga (Highgate Group), Daniel Ga\u0161par (Crowdberry), Ivana Sender\u00e1kov\u00e1 (Tatra banka), Ivan Melay (Salmann Investment Management AG)<\/p>\n<p><strong>\u2713<\/strong><strong> <\/strong>Quo vadis &#8211; cryptoassets. Should we consider cryptoassets as a relevant institutional investment alternative for retail? &#8211; Keynote speech<br \/>\n<u>Speaker:<\/u> Juraj Forg\u00e1cs (Fumbi)<\/p>\n<p><strong>\u2713<\/strong><strong> <\/strong>Adoption of cryptos as an investment asset in asset management &#8211; Keynote speech<br \/>\n<u>Speaker:<\/u> Michal M\u00e1jek (Tatra Asset Management)<\/p>\n<p><strong>\u2713<\/strong><strong> <\/strong>Crypt taxation and tax optimization<br \/>\n<u>Speaker:<\/u> Peter Varga (Highgate Group)<\/p>\n<p><strong>\u2713<\/strong><strong> <\/strong>Crypto-assets, Fraud Tracking and the Financial Intelligence Unit Approach &#8211; Panel Discussion<br \/>\n<u>Andrej<\/u> Copl\u00e1k (Blockmate), Boris Suchovsk\u00fd (NBS), Vladim\u00edr Gadu\u0161 (Highgate Group)<\/p>\n<p><strong>\u2713<\/strong><strong> <\/strong>Setting up companies abroad for crypto purposes &#8211; perspectives from the UAE, Cyprus, Gibraltar and the Czech Republic &#8211; panel discussion<br \/>\n<u>Speakers:<\/u> Miloslav Makovini (INCORPORTAS), Peter Howitt (Ramparts), Petros Rialas (TOTALSERVE), Michal Hanych (smpl_)<\/p>\n","protected":false},"excerpt":{"rendered":"<p><strong>Video of our unique crypt conference on October 24, 2024:<br \/>\n\/ <\/strong>  How to tax crypto in Slovakia and abroad<strong><br \/>\n\/ Regulation of crypto in investment platforms<\/strong> <\/p>\n<p><strong>Full conference | 8:00 &#8211; 17:50<\/strong><\/p>\n<p><strong><u>Topics:<\/u><\/strong><\/p>\n<p><strong>\u2713<\/strong><strong> <\/strong>Doing business and investing in the crypt &#8211; legal, tax, accounting and regulatory infrastructure<br \/>\n<u>Speaker:<\/u> Peter Varga (Highgate Group), Roman Baranec (Highgate Group)<\/p>\n<p><strong>\u2713<\/strong><strong> <\/strong>Current challenges in the crypto environment &#8211; Keynote speech<br \/>\n<u>Speaker:<\/u> Suleman Kazim (Millionero)<\/p>\n<p><strong>\u2713<\/strong><strong> <\/strong>Key aspects of the NBS licensing process<br \/>\n<u>Speaker:<\/u> Peter P\u00e9nze\u0161 (NBS)<\/p>\n<p><strong>\u2713<\/strong><strong> <\/strong>How is the market preparing for MiCA?<br \/>\n<u>Speaker:<\/u> Juraj Forg\u00e1cs (Fumbi) , Radim Kozub (Blockchain Legal), Peter Varga (Highgate Group)<\/p>\n<p><strong>\u2713<\/strong><strong> <\/strong>Crypto and challenges for companies in the financial sector &#8211; panel discussion<br \/>\n<u>Speakers:<\/u> Peter Varga (Highgate Group), Daniel Ga\u0161par (Crowdberry), Ivana Sender\u00e1kov\u00e1 (Tatra banka), Ivan Melay (Salmann Investment Management AG)<\/p>\n<p><strong>\u2713<\/strong><strong> <\/strong>Quo vadis &#8211; cryptoassets. Should we consider cryptoassets as a relevant institutional investment alternative for retail? &#8211; Keynote speech<br \/>\n<u>Speaker:<\/u> Juraj Forg\u00e1cs (Fumbi)<\/p>\n<p><strong>\u2713<\/strong><strong> <\/strong>Adoption of cryptos as an investment asset in asset management &#8211; Keynote speech<br \/>\n<u>Speaker:<\/u> Michal M\u00e1jek (Tatra Asset Management)<\/p>\n<p><strong>\u2713<\/strong><strong> <\/strong>Crypt taxation and tax optimization<br \/>\n<u>Speaker:<\/u> Peter Varga (Highgate Group)<\/p>\n<p><strong>\u2713<\/strong><strong> <\/strong>Crypto-assets, Fraud Tracking and the Financial Intelligence Unit Approach &#8211; Panel Discussion<br \/>\n<u>Andrej<\/u> Copl\u00e1k (Blockmate), Boris Suchovsk\u00fd (NBS), Vladim\u00edr Gadu\u0161 (Highgate Group)<\/p>\n<p><strong>\u2713<\/strong><strong> <\/strong>Setting up companies abroad for crypto purposes &#8211; perspectives from the UAE, Cyprus, Gibraltar and the Czech Republic &#8211; panel discussion<br \/>\n<u>Speakers:<\/u> Miloslav Makovini (INCORPORTAS), Peter Howitt (Ramparts), Petros Rialas (TOTALSERVE), Michal Hanych (smpl_)<\/p>\n","protected":false},"featured_media":244196,"template":"","meta":[],"product_brand":[],"product_cat":[109],"product_tag":[180,168,169],"class_list":{"0":"post-244289","1":"product","2":"type-product","3":"status-publish","4":"has-post-thumbnail","6":"product_cat-online-training","7":"product_tag-conferences-en","8":"product_tag-cryptocurrencies","9":"product_tag-taxation-of-cryptocurrencies","10":"tm-no-options","12":"first","13":"instock","14":"downloadable","15":"virtual","16":"purchasable","17":"product-type-simple"},"_links":{"self":[{"href":"https:\/\/highgate.sk\/en\/wp-json\/wp\/v2\/product\/244289","targetHints":{"allow":["GET"]}}],"collection":[{"href":"https:\/\/highgate.sk\/en\/wp-json\/wp\/v2\/product"}],"about":[{"href":"https:\/\/highgate.sk\/en\/wp-json\/wp\/v2\/types\/product"}],"version-history":[{"count":1,"href":"https:\/\/highgate.sk\/en\/wp-json\/wp\/v2\/product\/244289\/revisions"}],"predecessor-version":[{"id":247529,"href":"https:\/\/highgate.sk\/en\/wp-json\/wp\/v2\/product\/244289\/revisions\/247529"}],"wp:featuredmedia":[{"embeddable":true,"href":"https:\/\/highgate.sk\/en\/wp-json\/wp\/v2\/media\/244196"}],"wp:attachment":[{"href":"https:\/\/highgate.sk\/en\/wp-json\/wp\/v2\/media?parent=244289"}],"wp:term":[{"taxonomy":"product_brand","embeddable":true,"href":"https:\/\/highgate.sk\/en\/wp-json\/wp\/v2\/product_brand?post=244289"},{"taxonomy":"product_cat","embeddable":true,"href":"https:\/\/highgate.sk\/en\/wp-json\/wp\/v2\/product_cat?post=244289"},{"taxonomy":"product_tag","embeddable":true,"href":"https:\/\/highgate.sk\/en\/wp-json\/wp\/v2\/product_tag?post=244289"}],"curies":[{"name":"wp","href":"https:\/\/api.w.org\/{rel}","templated":true}]}}