{"id":247511,"date":"2025-04-02T15:42:00","date_gmt":"2025-04-02T13:42:00","guid":{"rendered":"https:\/\/highgate.sk\/produkt\/video-conference-selling-and-buying-companies-block-4-1435-1630\/"},"modified":"2025-04-16T14:07:42","modified_gmt":"2025-04-16T12:07:42","slug":"video-conference-selling-and-buying-companies-block-4-1435-1630","status":"publish","type":"product","link":"https:\/\/highgate.sk\/en\/produkt\/video-conference-selling-and-buying-companies-block-4-1435-1630\/","title":{"rendered":"Video | Conference Selling and buying companies: BLOCK 4 | 14:35 &#8211; 16:30"},"content":{"rendered":"<h3><strong>Video from <u><a href=\"https:\/\/highgate.sk\/konferencie\/predaje-a-investovanie-do-slovenskych-firiem\/\">the largest Slovak conference on M&amp;A private equity and venture capital<\/a><\/u> March 13, 2025: <\/strong><\/h3>\n<p><strong>4 . conference block  <\/strong><strong>|<\/strong><strong> 14:35 &#8211; 16:30<\/strong><\/p>\n<p><strong><u>Topics:<\/u><\/strong><\/p>\n<p><strong>\u2713 <\/strong>Alternative ways to raise capital from investors<br \/>\n<u>Speaker:<\/u> Peter Varga (Highgate Group)<\/p>\n<p><strong>\u2713<\/strong> Private equity investments &#8211; panel discussion<br \/>\n<u>Speakers:<\/u> Boris Kost\u00edk (WOOD &amp; Company), Michal Rybovi\u010d (Sandberg Capital), Marek Gre\u0161ko (TITANS), R\u00f3bert Dus\u00edk (TITANS), Tom\u00e1\u0161 Demo (Highgate Group)<\/p>\n","protected":false},"excerpt":{"rendered":"<h3><strong>Video recording from the largest Slovak conference on M&amp;A private equity and venture capital on 13 March 2025: <\/strong><\/h3>\n<p><strong>4 . conference block  <\/strong><strong>|<\/strong><strong> 14:35 &#8211; 16:30<\/strong><\/p>\n<p><strong><u>Topics:<\/u><\/strong><\/p>\n<p><strong>\u2713 <\/strong>Alternative ways to raise capital from investors<br \/>\n<u>Speaker:<\/u> Peter Varga (Highgate Group)<\/p>\n<p><strong>\u2713<\/strong> Private equity investments &#8211; panel discussion<br \/>\n<u>Speakers:<\/u> Boris Kost\u00edk (WOOD &amp; Company), Michal Rybovi\u010d (Sandberg Capital), Marek Gre\u0161ko (TITANS), R\u00f3bert Dus\u00edk (TITANS), Tom\u00e1\u0161 Demo (Highgate Group)<\/p>\n","protected":false},"featured_media":247461,"template":"","meta":[],"product_brand":[],"product_cat":[109],"product_tag":[180],"class_list":{"0":"post-247511","1":"product","2":"type-product","3":"status-publish","4":"has-post-thumbnail","6":"product_cat-online-training","7":"product_tag-conferences-en","8":"tm-no-options","10":"first","11":"instock","12":"downloadable","13":"virtual","14":"purchasable","15":"product-type-simple"},"_links":{"self":[{"href":"https:\/\/highgate.sk\/en\/wp-json\/wp\/v2\/product\/247511","targetHints":{"allow":["GET"]}}],"collection":[{"href":"https:\/\/highgate.sk\/en\/wp-json\/wp\/v2\/product"}],"about":[{"href":"https:\/\/highgate.sk\/en\/wp-json\/wp\/v2\/types\/product"}],"version-history":[{"count":1,"href":"https:\/\/highgate.sk\/en\/wp-json\/wp\/v2\/product\/247511\/revisions"}],"predecessor-version":[{"id":247723,"href":"https:\/\/highgate.sk\/en\/wp-json\/wp\/v2\/product\/247511\/revisions\/247723"}],"wp:featuredmedia":[{"embeddable":true,"href":"https:\/\/highgate.sk\/en\/wp-json\/wp\/v2\/media\/247461"}],"wp:attachment":[{"href":"https:\/\/highgate.sk\/en\/wp-json\/wp\/v2\/media?parent=247511"}],"wp:term":[{"taxonomy":"product_brand","embeddable":true,"href":"https:\/\/highgate.sk\/en\/wp-json\/wp\/v2\/product_brand?post=247511"},{"taxonomy":"product_cat","embeddable":true,"href":"https:\/\/highgate.sk\/en\/wp-json\/wp\/v2\/product_cat?post=247511"},{"taxonomy":"product_tag","embeddable":true,"href":"https:\/\/highgate.sk\/en\/wp-json\/wp\/v2\/product_tag?post=247511"}],"curies":[{"name":"wp","href":"https:\/\/api.w.org\/{rel}","templated":true}]}}