{"id":247515,"date":"2025-04-02T14:46:44","date_gmt":"2025-04-02T12:46:44","guid":{"rendered":"https:\/\/highgate.sk\/produkt\/video-conference-selling-and-buying-companies-the-whole-conference\/"},"modified":"2025-04-16T14:07:35","modified_gmt":"2025-04-16T12:07:35","slug":"video-conference-selling-and-buying-companies-the-whole-conference","status":"publish","type":"product","link":"https:\/\/highgate.sk\/en\/produkt\/video-conference-selling-and-buying-companies-the-whole-conference\/","title":{"rendered":"Video | Conference Selling and buying companies: the whole conference"},"content":{"rendered":"<h3><strong>Video from <u><a href=\"https:\/\/highgate.sk\/konferencie\/predaje-a-investovanie-do-slovenskych-firiem\/\">the largest Slovak conference on M&amp;A private equity and venture capital<\/a><\/u> March 13, 2025: <\/strong><\/h3>\n<p><strong>Full conference | 9:00 &#8211; 16:30<\/strong><\/p>\n<p><strong><u>Topics:<\/u><\/strong><\/p>\n<p>\u2713 <strong>O<\/strong> pportunities and Specifics of Slovak M&amp;A and Private Equity Market &#8211; Opening of the Conference<br \/>\n<u>Speaker:<\/u> Tomas Demo (Highgate Group)<\/p>\n<p>\u2713 <strong>S<\/strong> elling a company from the owner&#8217;s perspective &#8211; Keynote speech<br \/>\n<u>Speaker:<\/u> Michal Truban<\/p>\n<p><strong>\u2713<\/strong> What is the best structure for selling the company?<br \/>\n<u>Speaker:<\/u> Peter Varga (Highgate Group), Tom\u00e1\u0161 Demo (Highgate Group)<\/p>\n<p><strong>\u2713<\/strong> How to go smoothly through the sales process?<br \/>\n<u>Speakers<\/u> Miroslav Talian (KPMG), Tom\u00e1\u0161 Demo (Highgate Group)<\/p>\n<p><strong>\u2713 <\/strong>What is the value of my business?<br \/>\n<u>Speaker:<\/u> Karol Balco (KPMG)<\/p>\n<p><strong>\u2713<\/strong> How to revive the private equity market in Slovakia &#8211; Keynote speech<br \/>\n<u>Speaker:<\/u> Daniel Ga\u0161par (Crowdberry)<\/p>\n<p><strong>\u2713<\/strong> Venture capital investments &#8211; panel discussion<br \/>\n<u>Speakers:<\/u> Tatiana Ondrejkova (pelicantravel.com), Michal Ne\u0161por (Crowdberry), Vojta Ro\u010dek (Presto Tech Horizons), Tom\u00e1\u0161 Demo (Highgate Group)<\/p>\n<p><strong>\u2713 <\/strong>Alternative ways to raise capital from investors<br \/>\n<u>Speaker:<\/u> Peter Varga (Highgate Group)<\/p>\n<p><strong>\u2713<\/strong> Private equity investments &#8211; panel discussion<br \/>\n<u>Speakers:<\/u> Boris Kost\u00edk (WOOD &amp; Company), Michal Rybovi\u010d (Sandberg Capital), Marek Gre\u0161ko (TITANS), R\u00f3bert Dus\u00edk (TITANS), Tom\u00e1\u0161 Demo (Highgate Group)<\/p>\n","protected":false},"excerpt":{"rendered":"<h3><strong>Video recording from the largest Slovak conference on M&amp;A private equity and venture capital on 13 March 2025: <\/strong><\/h3>\n<p><strong>Full conference | 9:00 &#8211; 16:30<\/strong><\/p>\n<p><strong><u>Topics:<\/u><\/strong><\/p>\n<p>\u2713 <strong>O<\/strong> pportunities and Specifics of Slovak M&amp;A and Private Equity Market &#8211; Opening of the Conference<br \/>\n<u>Speaker:<\/u> Tomas Demo (Highgate Group)<\/p>\n<p>\u2713 <strong>S<\/strong> elling a company from the owner&#8217;s perspective &#8211; Keynote speech<br \/>\n<u>Speaker:<\/u> Michal Truban<\/p>\n<p><strong>\u2713<\/strong> What is the best structure for selling the company?<br \/>\n<u>Speaker:<\/u> Peter Varga (Highgate Group), Tom\u00e1\u0161 Demo (Highgate Group)<\/p>\n<p><strong>\u2713<\/strong> How to go smoothly through the sales process?<br \/>\n<u>Speakers<\/u> Miroslav Talian (KPMG), Tom\u00e1\u0161 Demo (Highgate Group)<\/p>\n<p><strong>\u2713 <\/strong>What is the value of my business?<br \/>\n<u>Speaker:<\/u> Karol Balco (KPMG)<\/p>\n<p><strong>\u2713<\/strong> How to revive the private equity market in Slovakia &#8211; Keynote speech<br \/>\n<u>Speaker:<\/u> Daniel Ga\u0161par (Crowdberry)<\/p>\n<p><strong>\u2713<\/strong> Venture capital investments &#8211; panel discussion<br \/>\n<u>Speakers:<\/u> Tatiana Ondrejkova (pelicantravel.com), Michal Ne\u0161por (Crowdberry), Vojta Ro\u010dek (Presto Tech Horizons), Tom\u00e1\u0161 Demo (Highgate Group)<\/p>\n<p><strong>\u2713 <\/strong>Alternative ways to raise capital from investors<br \/>\n<u>Speaker:<\/u> Peter Varga (Highgate Group)<\/p>\n<p><strong>\u2713<\/strong> Private equity investments &#8211; panel discussion<br \/>\n<u>Speakers:<\/u> Boris Kost\u00edk (WOOD &amp; Company), Michal Rybovi\u010d (Sandberg Capital), Marek Gre\u0161ko (TITANS), R\u00f3bert Dus\u00edk (TITANS), Tom\u00e1\u0161 Demo (Highgate Group)<\/p>\n","protected":false},"featured_media":247447,"template":"","meta":[],"product_brand":[],"product_cat":[109],"product_tag":[180],"class_list":{"0":"post-247515","1":"product","2":"type-product","3":"status-publish","4":"has-post-thumbnail","6":"product_cat-online-training","7":"product_tag-conferences-en","8":"tm-no-options","10":"first","11":"instock","12":"downloadable","13":"virtual","14":"purchasable","15":"product-type-simple"},"_links":{"self":[{"href":"https:\/\/highgate.sk\/en\/wp-json\/wp\/v2\/product\/247515","targetHints":{"allow":["GET"]}}],"collection":[{"href":"https:\/\/highgate.sk\/en\/wp-json\/wp\/v2\/product"}],"about":[{"href":"https:\/\/highgate.sk\/en\/wp-json\/wp\/v2\/types\/product"}],"version-history":[{"count":1,"href":"https:\/\/highgate.sk\/en\/wp-json\/wp\/v2\/product\/247515\/revisions"}],"predecessor-version":[{"id":247722,"href":"https:\/\/highgate.sk\/en\/wp-json\/wp\/v2\/product\/247515\/revisions\/247722"}],"wp:featuredmedia":[{"embeddable":true,"href":"https:\/\/highgate.sk\/en\/wp-json\/wp\/v2\/media\/247447"}],"wp:attachment":[{"href":"https:\/\/highgate.sk\/en\/wp-json\/wp\/v2\/media?parent=247515"}],"wp:term":[{"taxonomy":"product_brand","embeddable":true,"href":"https:\/\/highgate.sk\/en\/wp-json\/wp\/v2\/product_brand?post=247515"},{"taxonomy":"product_cat","embeddable":true,"href":"https:\/\/highgate.sk\/en\/wp-json\/wp\/v2\/product_cat?post=247515"},{"taxonomy":"product_tag","embeddable":true,"href":"https:\/\/highgate.sk\/en\/wp-json\/wp\/v2\/product_tag?post=247515"}],"curies":[{"name":"wp","href":"https:\/\/api.w.org\/{rel}","templated":true}]}}