{"id":251421,"date":"2026-01-22T12:33:54","date_gmt":"2026-01-22T11:33:54","guid":{"rendered":"https:\/\/highgate.sk\/produkt\/video-conference-property-and-business-protection-slovakia-or-abroad\/"},"modified":"2026-01-22T12:33:54","modified_gmt":"2026-01-22T11:33:54","slug":"video-conference-property-and-business-protection-slovakia-or-abroad","status":"publish","type":"product","link":"https:\/\/highgate.sk\/en\/produkt\/video-conference-property-and-business-protection-slovakia-or-abroad\/","title":{"rendered":"Video | Conference Property and Business Protection &#8211; Slovakia or Abroad?"},"content":{"rendered":"<h4><strong>A video recording from the <a href=\"https:\/\/highgate.sk\/en\/konferencie\/protection-of-property-and-business-slovakia-or-abroad\/\">largest Slovak conference on when (not) it makes sense to move business or assets abroad<\/a>, how to minimize taxes and protect corporate and private assets.<\/strong><\/h4>\n<h4><strong>The whole conference <\/strong><strong>|<\/strong> <strong>8:45 &#8211; 17:50<\/strong><\/h4>\n<p><strong><u>Topics:<\/u><\/strong><\/p>\n<p><strong>\u2713 Slovak company abroad: Reality vs. perceptions<\/strong><br \/>\n<u>Speaker:<\/u> Peter Varga (Highgate Group)<\/p>\n<p><strong>\u2713 Private Equity in turbulent times &#8211; Keynote speech<\/strong><br \/>\n<u>Speaker:<\/u> Miroslav Boubl\u00edk (Across Private Investments)<\/p>\n<p><strong>\u2713 Slovakia vs. Czech Republic<\/strong><br \/>\n<u>Moderated by<\/u> Peter Varga (Highgate Group)<br \/>\n<u>Guests:<\/u> Patrik Ko\u017eeluha (B\u0159\u00edza &amp; Truba\u010d), Barbora Pacl\u00edkov\u00e1 (B\u0159\u00edza &amp; Truba\u010d)<\/p>\n<p><strong>\u2713 Reality check: Beyond the American Dream<\/strong><br \/>\n<u>Moderator:<\/u> Tomas Demo (Highgate Group)<br \/>\n<u>Guest:<\/u> Silvia Slobodova (AMBIZ)<\/p>\n<p><strong>\u2713 What to invest in when the S&amp;P 500 is no longer growing 15% per year?<\/strong><br \/>\n<u>Moderator:<\/u> Peter Varga (Highgate Group)<u><br \/>\nPanelists:<\/u> Andrej Raj\u010d\u00e1ny (Across Private Investments), Ivan Melay (Salmann Investment Management)<\/p>\n<p><strong>\u2713 Venture capital in turbulent times &#8211; Keynote speech<\/strong><br \/>\n<u>Speaker:<\/u> Petr \u0160\u00edma (DEPO Ventures)<\/p>\n<p><strong>\u2713 Why staying in Slovakia can be a wise decision<\/strong><br \/>\n<u>Speaker:<\/u> Peter Varga (Highgate Group)<\/p>\n<p><strong>\u2713 How to legally avoid financial transaction tax?<\/strong><br \/>\n<u>Speaker:<\/u> Peter Varga (Highgate Group)<br \/>\n<u>Guest:<\/u> Peter \u0160ebo (PS:Digital)<\/p>\n<p><strong>\u2713 How to handle the scarc system more efficiently? Introducing a practical solution <\/strong><br \/>\n<u>Speaker:<\/u> Peter Varga (Highgate Group)<\/p>\n<p><strong>\u2713 How to protect assets in Slovakia: from divorce to bankruptcy<\/strong><br \/>\n<u>Speaker:<\/u> Tom\u00e1\u0161 Demo (Highgate Group), Peter Varga (Highgate Group)<\/p>\n<p><strong>\u2713 What can land you in jail: the criminal risks of &#8220;optimizations&#8221;<\/strong><br \/>\n<u>Moderator:<\/u> Tom\u00e1\u0161 Demo (Highgate Group), Peter Varga (Highgate Group)<u><br \/>\nGuest<\/u><u>:<\/u> Peter Kubina (Dentons)<\/p>\n<p><strong>\u2713 The best of both worlds: Cross-border protection structures &#8211; Panel discussion in English<\/strong><br \/>\n<u>Moderator:<\/u> Tom\u00e1\u0161 Demo (Highgate Group)<u><br \/>\nPanellists:<\/u> Peter Varga (Highgate Group), Martin Hanzl\u00edk (Czech Republic), Nikolaus Wilhelm (Liechtenstein), David Kubo\u0148 (Czech Republic)<\/p>\n<p><strong>\u2713 Tax optimization from abroad &#8211; Do I have to move or just move the company?<\/strong><br \/>\n<u>Moderated by<\/u> Peter Varga (Highgate Group)<br \/>\n<u>Guests:<\/u> Miloslav Makovini (UAE), Ulrich Paugger (Austria), Grigor Ayrumyan (Denmark and Nordic), Diana Janostakova (Monaco)<\/p>\n","protected":false},"excerpt":{"rendered":"<h4><strong>A video recording from the <a href=\"https:\/\/highgate.sk\/en\/konferencie\/protection-of-property-and-business-slovakia-or-abroad\/\">largest Slovak conference on when (not) it makes sense to move business or assets abroad<\/a>, how to minimize taxes and protect corporate and private assets.<\/strong><\/h4>\n<h4><strong>The whole conference <\/strong><strong>|<\/strong> <strong>8:45 &#8211; 17:50<\/strong><\/h4>\n<p><strong><u>Topics:<\/u><\/strong><\/p>\n<p><strong>\u2713 Slovak company abroad: Reality vs. perceptions<\/strong><br \/>\n<u>Speaker:<\/u> Peter Varga (Highgate Group)<\/p>\n<p><strong>\u2713 Private Equity in turbulent times &#8211; Keynote speech<\/strong><br \/>\n<u>Speaker:<\/u> Miroslav Boubl\u00edk (Across Private Investments)<\/p>\n<p><strong>\u2713 Slovakia vs. Czech Republic<\/strong><br \/>\n<u>Moderated by<\/u> Peter Varga (Highgate Group)<br \/>\n<u>Guests:<\/u> Patrik Ko\u017eeluha (B\u0159\u00edza &amp; Truba\u010d), Barbora Pacl\u00edkov\u00e1 (B\u0159\u00edza &amp; Truba\u010d)<\/p>\n<p><strong>\u2713 Reality check: Beyond the American Dream<\/strong><br \/>\n<u>Moderator:<\/u> Tomas Demo (Highgate Group)<br \/>\n<u>Guest:<\/u> Silvia Slobodova (AMBIZ)<\/p>\n<p><strong>\u2713 What to invest in when the S&amp;P 500 is no longer growing 15% per year?<\/strong><br \/>\n<u>Moderator:<\/u> Peter Varga (Highgate Group)<u><br \/>\nPanelists:<\/u> Andrej Raj\u010d\u00e1ny (Across Private Investments), Ivan Melay (Salmann Investment Management)<\/p>\n<p><strong>\u2713 Venture capital in turbulent times &#8211; Keynote speech<\/strong><br \/>\n<u>Speaker:<\/u> Petr \u0160\u00edma (DEPO Ventures)<\/p>\n<p><strong>\u2713 Why staying in Slovakia can be a wise decision<\/strong><br \/>\n<u>Speaker:<\/u> Peter Varga (Highgate Group)<\/p>\n<p><strong>\u2713 How to legally avoid financial transaction tax?<\/strong><br \/>\n<u>Speaker:<\/u> Peter Varga (Highgate Group)<br \/>\n<u>Guest:<\/u> Peter \u0160ebo (PS:Digital)<\/p>\n<p><strong>\u2713 How to handle the scarc system more efficiently? Introducing a practical solution <\/strong><br \/>\n<u>Speaker:<\/u> Peter Varga (Highgate Group)<\/p>\n<p><strong>\u2713 How to protect assets in Slovakia: from divorce to bankruptcy<\/strong><br \/>\n<u>Speaker:<\/u> Tom\u00e1\u0161 Demo (Highgate Group), Peter Varga (Highgate Group)<\/p>\n<p><strong>\u2713 What can land you in jail: the criminal risks of &#8220;optimizations&#8221;<\/strong><br \/>\n<u>Moderator:<\/u> Tom\u00e1\u0161 Demo (Highgate Group), Peter Varga (Highgate Group)<u><br \/>\nGuest<\/u><u>:<\/u> Peter Kubina (Dentons)<\/p>\n<p><strong>\u2713 The best of both worlds: Cross-border protection structures &#8211; Panel discussion in English<\/strong><br \/>\n<u>Moderator:<\/u> Tom\u00e1\u0161 Demo (Highgate Group)<u><br \/>\nPanellists:<\/u> Peter Varga (Highgate Group), Martin Hanzl\u00edk (Czech Republic), Nikolaus Wilhelm (Liechtenstein), David Kubo\u0148 (Czech Republic)<\/p>\n<p><strong>\u2713 Tax optimization from abroad &#8211; Do I have to move or just move the company?<\/strong><br \/>\n<u>Moderated by<\/u> Peter Varga (Highgate Group)<br \/>\n<u>Guests:<\/u> Miloslav Makovini (UAE), Ulrich Paugger (Austria), Grigor Ayrumyan (Denmark and Nordic), Diana Janostakova (Monaco)<\/p>\n","protected":false},"featured_media":251303,"template":"","meta":[],"product_brand":[],"product_cat":[109],"product_tag":[180],"class_list":{"0":"post-251421","1":"product","2":"type-product","3":"status-publish","4":"has-post-thumbnail","6":"product_cat-online-training","7":"product_tag-conferences-en","8":"tm-no-options","10":"first","11":"instock","12":"downloadable","13":"virtual","14":"purchasable","15":"product-type-simple"},"_links":{"self":[{"href":"https:\/\/highgate.sk\/en\/wp-json\/wp\/v2\/product\/251421","targetHints":{"allow":["GET"]}}],"collection":[{"href":"https:\/\/highgate.sk\/en\/wp-json\/wp\/v2\/product"}],"about":[{"href":"https:\/\/highgate.sk\/en\/wp-json\/wp\/v2\/types\/product"}],"version-history":[{"count":0,"href":"https:\/\/highgate.sk\/en\/wp-json\/wp\/v2\/product\/251421\/revisions"}],"wp:featuredmedia":[{"embeddable":true,"href":"https:\/\/highgate.sk\/en\/wp-json\/wp\/v2\/media\/251303"}],"wp:attachment":[{"href":"https:\/\/highgate.sk\/en\/wp-json\/wp\/v2\/media?parent=251421"}],"wp:term":[{"taxonomy":"product_brand","embeddable":true,"href":"https:\/\/highgate.sk\/en\/wp-json\/wp\/v2\/product_brand?post=251421"},{"taxonomy":"product_cat","embeddable":true,"href":"https:\/\/highgate.sk\/en\/wp-json\/wp\/v2\/product_cat?post=251421"},{"taxonomy":"product_tag","embeddable":true,"href":"https:\/\/highgate.sk\/en\/wp-json\/wp\/v2\/product_tag?post=251421"}],"curies":[{"name":"wp","href":"https:\/\/api.w.org\/{rel}","templated":true}]}}