{"id":251423,"date":"2026-01-22T12:52:01","date_gmt":"2026-01-22T11:52:01","guid":{"rendered":"https:\/\/highgate.sk\/produkt\/video-slovakia-vs-czech-republic\/"},"modified":"2026-01-22T12:52:01","modified_gmt":"2026-01-22T11:52:01","slug":"video-slovakia-vs-czech-republic","status":"publish","type":"product","link":"https:\/\/highgate.sk\/en\/produkt\/video-slovakia-vs-czech-republic\/","title":{"rendered":"Video | Slovakia vs. Czech Republic"},"content":{"rendered":"<p><strong>A video recording from the <a href=\"https:\/\/highgate.sk\/en\/konferencie\/protection-of-property-and-business-slovakia-or-abroad\/\">largest Slovak conference on when (not) it makes sense to move business or assets abroad<\/a>, how to minimize taxes and protect corporate and private assets.<\/strong><\/p>\n<h4>Lecture Slovakia vs. Czech Republic<\/h4>\n<p><strong><u>Moderator:<\/u><\/strong> Peter Varga (Highgate Group)<br \/>\n<strong><u>Speakri:<\/u><\/strong> Patrik Ko\u017eeluha (Birch &amp; Truba\u010d), Barbora Pacl\u00edkov\u00e1 (Birch &amp; Truba\u010d)<\/p>\n<p><strong><u>Topics:<\/u><\/strong><\/p>\n<ul>\n<li><strong>Buying a car <\/strong>for VAT deduction<\/li>\n<li><strong>Purchase of an investment apartment <\/strong>for VAT deduction<\/li>\n<li><strong>Taxes, levies and other practical legal and tax contexts <\/strong>&#8211; a comparison of Slovakia and the Czech Republic<\/li>\n<li><strong>Where are the real advantages of <\/strong>the Czech Republic<\/li>\n<li><strong>What doesn&#8217;t count <\/strong>&#8211; practical complications of everyday business<\/li>\n<\/ul>\n","protected":false},"excerpt":{"rendered":"<p><strong>A video recording from the <a href=\"https:\/\/highgate.sk\/en\/konferencie\/protection-of-property-and-business-slovakia-or-abroad\/\">largest Slovak conference on when (not) it makes sense to move business or assets abroad<\/a>, how to minimize taxes and protect corporate and private assets.<\/strong><\/p>\n<h4>Lecture Slovakia vs. Czech Republic<\/h4>\n<p><strong><u>Moderator:<\/u><\/strong> Peter Varga (Highgate Group)<br \/>\n<strong><u>Speakri:<\/u><\/strong> Patrik Ko\u017eeluha (Birch &amp; Truba\u010d), Barbora Pacl\u00edkov\u00e1 (Birch &amp; Truba\u010d)<\/p>\n<p><strong><u>Topics:<\/u><\/strong><\/p>\n<ul>\n<li><strong>Buying a car <\/strong>for VAT deduction<\/li>\n<li><strong>Purchase of an investment apartment <\/strong>for VAT deduction<\/li>\n<li><strong>Taxes, levies and other practical legal and tax contexts <\/strong>&#8211; a comparison of Slovakia and the Czech Republic<\/li>\n<li><strong>Where are the real advantages of <\/strong>the Czech Republic<\/li>\n<li><strong>What doesn&#8217;t count <\/strong>&#8211; practical complications of everyday business<\/li>\n<\/ul>\n","protected":false},"featured_media":251320,"template":"","meta":[],"product_brand":[],"product_cat":[109],"product_tag":[180],"class_list":{"0":"post-251423","1":"product","2":"type-product","3":"status-publish","4":"has-post-thumbnail","6":"product_cat-online-training","7":"product_tag-conferences-en","8":"tm-no-options","10":"first","11":"instock","12":"downloadable","13":"virtual","14":"purchasable","15":"product-type-simple"},"_links":{"self":[{"href":"https:\/\/highgate.sk\/en\/wp-json\/wp\/v2\/product\/251423","targetHints":{"allow":["GET"]}}],"collection":[{"href":"https:\/\/highgate.sk\/en\/wp-json\/wp\/v2\/product"}],"about":[{"href":"https:\/\/highgate.sk\/en\/wp-json\/wp\/v2\/types\/product"}],"version-history":[{"count":0,"href":"https:\/\/highgate.sk\/en\/wp-json\/wp\/v2\/product\/251423\/revisions"}],"wp:featuredmedia":[{"embeddable":true,"href":"https:\/\/highgate.sk\/en\/wp-json\/wp\/v2\/media\/251320"}],"wp:attachment":[{"href":"https:\/\/highgate.sk\/en\/wp-json\/wp\/v2\/media?parent=251423"}],"wp:term":[{"taxonomy":"product_brand","embeddable":true,"href":"https:\/\/highgate.sk\/en\/wp-json\/wp\/v2\/product_brand?post=251423"},{"taxonomy":"product_cat","embeddable":true,"href":"https:\/\/highgate.sk\/en\/wp-json\/wp\/v2\/product_cat?post=251423"},{"taxonomy":"product_tag","embeddable":true,"href":"https:\/\/highgate.sk\/en\/wp-json\/wp\/v2\/product_tag?post=251423"}],"curies":[{"name":"wp","href":"https:\/\/api.w.org\/{rel}","templated":true}]}}