{"id":253259,"date":"2026-04-16T09:37:39","date_gmt":"2026-04-16T07:37:39","guid":{"rendered":"https:\/\/highgate.sk\/produkt\/video-cryptoassets-2026-business-investing-tax-and-regulation\/"},"modified":"2026-04-16T09:37:39","modified_gmt":"2026-04-16T07:37:39","slug":"video-cryptoassets-2026-business-investing-tax-and-regulation","status":"publish","type":"product","link":"https:\/\/highgate.sk\/en\/produkt\/video-cryptoassets-2026-business-investing-tax-and-regulation\/","title":{"rendered":"Video | Cryptoassets 2026: Business, Investing, Tax and Regulation"},"content":{"rendered":"<h4><strong>Video from <a href=\"https:\/\/highgate.sk\/en\/cryptoassets-2026\/\">Highgate Business Brunch | <\/a><\/strong>Cryptoassets 2026: Entrepreneurship, Investing, Tax and Regulation<\/h4>\n<p><strong><u>Topics:<\/u><\/strong><\/p>\n<p><strong>\u2713 Cryptocurrencies in Slovakia: why the state collects little even with 45% tax? &#8211; Highgate Talks podcast <\/strong><br \/>\nModerator: Lenka Buchl\u00e1kov\u00e1<br \/>\nGuest: Peter Varga (Highgate Group)<\/p>\n<p><strong>\u2713 MiCA licensing from A to Z<\/strong><br \/>\nSpeaker: Peter Varga (Highgate Group), Roman Baranec (Highgate Group)<\/p>\n<p><strong>\u2713 What is it like to do business with MiCA &#8211; Panel Discussion in English<\/strong><br \/>\nModerator: Peter Varga (Highgate Group)<br \/>\nGuests: Martin Bittara (Okazio), Juraj Forg\u00e1cs (FUMBI), Jakub Kudrav\u00fd (Crypto Voucher)<\/p>\n<p><strong>\u2713 What is it like to do business with MiCA &#8211; Panel Discussion<\/strong><br \/>\nModerator: Peter Varga (Highgate Group)<br \/>\nGuests: Martin Hobza (Hobza Legal), Milo\u0161 M\u00e1zor (Madison Six), Ivana Sender\u00e1kov\u00e1 (Tatra banka),<br \/>\nOliver Zrno (FINREG PARTNERS)<\/p>\n<p>Read more about this event in our article &#8211; <a href=\"https:\/\/highgate.sk\/en\/cryptoassets-2026\/\">Crypto 2026: Business, Investing, Taxes and Regulation<\/a>.<\/p>\n","protected":false},"excerpt":{"rendered":"<h4><strong>Video from <a href=\"https:\/\/highgate.sk\/en\/cryptoassets-2026\/\">Highgate Business Brunch | <\/a><\/strong>Cryptoassets 2026: Entrepreneurship, Investing, Tax and Regulation<\/h4>\n<p><strong><u>Topics:<\/u><\/strong><\/p>\n<p><strong>\u2713 Cryptocurrencies in Slovakia: why the state collects little even with 45% tax? &#8211; Highgate Talks podcast <\/strong><br \/>\nModerator: Lenka Buchl\u00e1kov\u00e1<br \/>\nGuest: Peter Varga (Highgate Group)<\/p>\n<p><strong>\u2713 MiCA licensing from A to Z<\/strong><br \/>\nSpeaker: Peter Varga (Highgate Group), Roman Baranec (Highgate Group)<\/p>\n<p><strong>\u2713 What is it like to do business with MiCA &#8211; Panel Discussion in English<\/strong><br \/>\nModerator: Peter Varga (Highgate Group)<br \/>\nGuests: Martin Bittara (Okazio), Juraj Forg\u00e1cs (FUMBI), Jakub Kudrav\u00fd (Crypto Voucher)<\/p>\n<p><strong>\u2713 What is it like to do business with MiCA &#8211; Panel Discussion<\/strong><br \/>\nModerator: Peter Varga (Highgate Group)<br \/>\nGuests: Martin Hobza (Hobza Legal), Milo\u0161 M\u00e1zor (Madison Six), Ivana Sender\u00e1kov\u00e1 (Tatra banka),<br \/>\nOliver Zrno (FINREG PARTNERS)<\/p>\n<p>Read more about this event in our article &#8211; <a href=\"https:\/\/highgate.sk\/en\/cryptoassets-2026\/\">Crypto 2026: Business, Investing, Taxes and Regulation<\/a>.<\/p>\n","protected":false},"featured_media":253261,"template":"","meta":[],"product_brand":[],"product_cat":[109],"product_tag":[168,169],"class_list":{"0":"post-253259","1":"product","2":"type-product","3":"status-publish","4":"has-post-thumbnail","6":"product_cat-online-training","7":"product_tag-cryptocurrencies","8":"product_tag-taxation-of-cryptocurrencies","9":"tm-no-options","11":"first","12":"instock","13":"downloadable","14":"virtual","15":"purchasable","16":"product-type-simple"},"_links":{"self":[{"href":"https:\/\/highgate.sk\/en\/wp-json\/wp\/v2\/product\/253259","targetHints":{"allow":["GET"]}}],"collection":[{"href":"https:\/\/highgate.sk\/en\/wp-json\/wp\/v2\/product"}],"about":[{"href":"https:\/\/highgate.sk\/en\/wp-json\/wp\/v2\/types\/product"}],"version-history":[{"count":0,"href":"https:\/\/highgate.sk\/en\/wp-json\/wp\/v2\/product\/253259\/revisions"}],"wp:featuredmedia":[{"embeddable":true,"href":"https:\/\/highgate.sk\/en\/wp-json\/wp\/v2\/media\/253261"}],"wp:attachment":[{"href":"https:\/\/highgate.sk\/en\/wp-json\/wp\/v2\/media?parent=253259"}],"wp:term":[{"taxonomy":"product_brand","embeddable":true,"href":"https:\/\/highgate.sk\/en\/wp-json\/wp\/v2\/product_brand?post=253259"},{"taxonomy":"product_cat","embeddable":true,"href":"https:\/\/highgate.sk\/en\/wp-json\/wp\/v2\/product_cat?post=253259"},{"taxonomy":"product_tag","embeddable":true,"href":"https:\/\/highgate.sk\/en\/wp-json\/wp\/v2\/product_tag?post=253259"}],"curies":[{"name":"wp","href":"https:\/\/api.w.org\/{rel}","templated":true}]}}